{"id":132,"date":"2021-03-10T14:13:02","date_gmt":"2021-03-10T14:13:02","guid":{"rendered":"http:\/\/vps0297.zxcs.nl\/~vengabarcelona\/?page_id=132"},"modified":"2023-09-13T15:01:29","modified_gmt":"2023-09-13T14:01:29","slug":"vervoer-in-barcelona","status":"publish","type":"page","link":"https:\/\/vengabarcelona.com\/es\/vervoer-in-barcelona\/","title":{"rendered":"Transporte en Barcelona"},"content":{"rendered":"<div data-elementor-type=\"wp-page\" data-elementor-id=\"132\" class=\"elementor elementor-132\" data-elementor-post-type=\"page\">\n\t\t\t\t\t\t<section class=\"elementor-section elementor-top-section elementor-element elementor-element-af37eb7 elementor-section-height-min-height elementor-section-boxed elementor-section-height-default elementor-section-items-middle\" data-id=\"af37eb7\" data-element_type=\"section\" data-e-type=\"section\" data-settings=\"{&quot;background_background&quot;:&quot;classic&quot;}\">\n\t\t\t\t\t\t\t<div class=\"elementor-background-overlay\"><\/div>\n\t\t\t\t\t\t\t<div class=\"elementor-container elementor-column-gap-default\">\n\t\t\t\t\t<div class=\"elementor-column elementor-col-100 elementor-top-column elementor-element elementor-element-19be25f\" data-id=\"19be25f\" data-element_type=\"column\" data-e-type=\"column\">\n\t\t\t<div class=\"elementor-widget-wrap elementor-element-populated\">\n\t\t\t\t\t\t<div class=\"elementor-element elementor-element-c2af66e elementor-widget elementor-widget-heading\" data-id=\"c2af66e\" data-element_type=\"widget\" data-e-type=\"widget\" data-widget_type=\"heading.default\">\n\t\t\t\t<div class=\"elementor-widget-container\">\n\t\t\t\t\t<h1 class=\"elementor-heading-title elementor-size-default\">Transporte en Barcelona<\/h1>\t\t\t\t<\/div>\n\t\t\t\t<\/div>\n\t\t\t\t<div class=\"elementor-element elementor-element-529c151 elementor-widget elementor-widget-shortcode\" data-id=\"529c151\" data-element_type=\"widget\" data-e-type=\"widget\" data-widget_type=\"shortcode.default\">\n\t\t\t\t<div class=\"elementor-widget-container\">\n\t\t\t\t\t\t\t<div class=\"elementor-shortcode\"><nav aria-label=\"pan rallado\" class=\"rank-math-breadcrumb\"><p><span class=\"last\">Inicio<\/span><\/p><\/nav><\/div>\n\t\t\t\t\t\t<\/div>\n\t\t\t\t<\/div>\n\t\t\t\t\t<\/div>\n\t\t<\/div>\n\t\t\t\t\t<\/div>\n\t\t<\/section>\n\t\t\t\t<section class=\"elementor-section elementor-top-section elementor-element elementor-element-68fb63b elementor-section-boxed elementor-section-height-default elementor-section-height-default\" data-id=\"68fb63b\" data-element_type=\"section\" data-e-type=\"section\">\n\t\t\t\t\t\t<div class=\"elementor-container elementor-column-gap-default\">\n\t\t\t\t\t<div class=\"elementor-column elementor-col-50 elementor-top-column elementor-element elementor-element-8a26a15\" data-id=\"8a26a15\" data-element_type=\"column\" data-e-type=\"column\">\n\t\t\t<div class=\"elementor-widget-wrap elementor-element-populated\">\n\t\t\t\t\t\t<div class=\"elementor-element elementor-element-86df3cc elementor-widget elementor-widget-heading\" data-id=\"86df3cc\" data-element_type=\"widget\" data-e-type=\"widget\" data-widget_type=\"heading.default\">\n\t\t\t\t<div class=\"elementor-widget-container\">\n\t\t\t\t\t<h2 class=\"elementor-heading-title elementor-size-default\">\u00a1Llega a tu destino f\u00e1cilmente con VengaBarcelona!<\/h2>\t\t\t\t<\/div>\n\t\t\t\t<\/div>\n\t\t\t\t<div class=\"elementor-element elementor-element-c1c6c19 elementor-widget elementor-widget-text-editor\" data-id=\"c1c6c19\" data-element_type=\"widget\" data-e-type=\"widget\" data-widget_type=\"text-editor.default\">\n\t\t\t\t<div class=\"elementor-widget-container\">\n\t\t\t\t\t\t\t\t\t<p style=\"text-align: left;\"><strong>Transporte de ida y vuelta al aeropuerto de Barcelona para cualquier composici\u00f3n de grupo<\/strong><\/p><p style=\"text-align: left;\">VengaBarcelona te lo pone f\u00e1cil para moverte por Barcelona. Tanto si est\u00e1s solo, con tu pareja o con un grupo de amigos, por ejemplo, te organizamos el transporte. Desde un traslado personal desde el aeropuerto hasta una limusina chula para completar tu salida nocturna. \u00a1Todo es posible!<\/p><p style=\"text-align: left;\">Si reserva su viaje a Barcelona con nosotros, le recogeremos personalmente en el aeropuerto de Barcelona. Despu\u00e9s de una bebida refrescante, conduciremos con usted, pasando por bellos lugares a lo largo del camino, hasta su alojamiento. \u00a1Qu\u00e9 gran comienzo para sus vacaciones! <span style=\"font-family: var( --e-global-typography-text-font-family ), Sans-serif; font-size: 1rem; font-weight: var( --e-global-typography-text-font-weight );\">\u00a0<\/span><\/p><p><span style=\"font-family: var( --e-global-typography-text-font-family ), Sans-serif; font-weight: var( --e-global-typography-text-font-weight ); font-size: 1rem;\">Todo es posible:<br \/><\/span><\/p><ul><li>Traslados desde y hacia el aeropuerto de Barcelona para grupos peque\u00f1os y grandes<\/li><li>Transporte de grupos en Barcelona y alrededores<\/li><li>Excursi\u00f3n de un d\u00eda en autob\u00fas por Barcelona (bajo petici\u00f3n)<\/li><li>Recorrido en autob\u00fas por Barcelona y sus alrededores<\/li><li>Alquiler de limusinas en Barcelona<\/li><li>Peticiones especiales traslados Barcelona<\/li><\/ul>\t\t\t\t\t\t\t\t<\/div>\n\t\t\t\t<\/div>\n\t\t\t\t<div class=\"elementor-element elementor-element-cfdb8e1 elementor-align-left elementor-mobile-align-center elementor-widget elementor-widget-button\" data-id=\"cfdb8e1\" data-element_type=\"widget\" data-e-type=\"widget\" data-widget_type=\"button.default\">\n\t\t\t\t<div class=\"elementor-widget-container\">\n\t\t\t\t\t\t\t\t\t<div class=\"elementor-button-wrapper\">\n\t\t\t\t\t<a class=\"elementor-button elementor-button-link elementor-size-md elementor-animation-bounce-in\" href=\"https:\/\/vengabarcelona.com\/es\/contact\/\">\n\t\t\t\t\t\t<span class=\"elementor-button-content-wrapper\">\n\t\t\t\t\t\t<span class=\"elementor-button-icon\">\n\t\t\t\t<i aria-hidden=\"true\" class=\"far fa-calendar-alt\"><\/i>\t\t\t<\/span>\n\t\t\t\t\t\t\t\t\t<span class=\"elementor-button-text\">P\u00f3ngase en contacto<\/span>\n\t\t\t\t\t<\/span>\n\t\t\t\t\t<\/a>\n\t\t\t\t<\/div>\n\t\t\t\t\t\t\t\t<\/div>\n\t\t\t\t<\/div>\n\t\t\t\t\t<\/div>\n\t\t<\/div>\n\t\t\t\t<div class=\"elementor-column elementor-col-50 elementor-top-column elementor-element elementor-element-48b9155\" data-id=\"48b9155\" data-element_type=\"column\" data-e-type=\"column\">\n\t\t\t<div class=\"elementor-widget-wrap elementor-element-populated\">\n\t\t\t\t\t\t<div class=\"elementor-element elementor-element-4be1606 elementor-widget elementor-widget-image\" data-id=\"4be1606\" data-element_type=\"widget\" data-e-type=\"widget\" data-widget_type=\"image.default\">\n\t\t\t\t<div class=\"elementor-widget-container\">\n\t\t\t\t\t\t\t\t\t\t\t\t\t\t\t<img fetchpriority=\"high\" decoding=\"async\" width=\"800\" height=\"534\" src=\"https:\/\/vengabarcelona.com\/wp-content\/uploads\/2023\/06\/AdobeStock_492878908_Editorial_Use_Only-1024x683.jpeg\" class=\"attachment-large size-large wp-image-7774\" alt=\"\" srcset=\"https:\/\/vengabarcelona.com\/wp-content\/uploads\/2023\/06\/AdobeStock_492878908_Editorial_Use_Only-1024x683.jpeg 1024w, https:\/\/vengabarcelona.com\/wp-content\/uploads\/2023\/06\/AdobeStock_492878908_Editorial_Use_Only-300x200.jpeg 300w, https:\/\/vengabarcelona.com\/wp-content\/uploads\/2023\/06\/AdobeStock_492878908_Editorial_Use_Only-768x512.jpeg 768w, https:\/\/vengabarcelona.com\/wp-content\/uploads\/2023\/06\/AdobeStock_492878908_Editorial_Use_Only-1536x1024.jpeg 1536w, https:\/\/vengabarcelona.com\/wp-content\/uploads\/2023\/06\/AdobeStock_492878908_Editorial_Use_Only-2048x1365.jpeg 2048w\" sizes=\"(max-width: 800px) 100vw, 800px\" \/>\t\t\t\t\t\t\t\t\t\t\t\t\t\t\t<\/div>\n\t\t\t\t<\/div>\n\t\t\t\t\t<\/div>\n\t\t<\/div>\n\t\t\t\t\t<\/div>\n\t\t<\/section>\n\t\t\t\t<section class=\"elementor-section elementor-top-section elementor-element elementor-element-82da962 elementor-section-boxed elementor-section-height-default elementor-section-height-default\" data-id=\"82da962\" data-element_type=\"section\" data-e-type=\"section\">\n\t\t\t\t\t\t<div class=\"elementor-container elementor-column-gap-default\">\n\t\t\t\t\t<div class=\"elementor-column elementor-col-33 elementor-top-column elementor-element elementor-element-1981ffb\" data-id=\"1981ffb\" data-element_type=\"column\" data-e-type=\"column\">\n\t\t\t<div class=\"elementor-widget-wrap\">\n\t\t\t\t\t\t\t<\/div>\n\t\t<\/div>\n\t\t\t\t<div class=\"elementor-column elementor-col-33 elementor-top-column elementor-element elementor-element-04a429a\" data-id=\"04a429a\" data-element_type=\"column\" data-e-type=\"column\">\n\t\t\t<div class=\"elementor-widget-wrap\">\n\t\t\t\t\t\t\t<\/div>\n\t\t<\/div>\n\t\t\t\t<div class=\"elementor-column elementor-col-33 elementor-top-column elementor-element elementor-element-cd9ec20\" data-id=\"cd9ec20\" data-element_type=\"column\" data-e-type=\"column\">\n\t\t\t<div class=\"elementor-widget-wrap\">\n\t\t\t\t\t\t\t<\/div>\n\t\t<\/div>\n\t\t\t\t\t<\/div>\n\t\t<\/section>\n\t\t\t\t<section class=\"elementor-section elementor-top-section elementor-element elementor-element-bd798e6 elementor-section-boxed elementor-section-height-default elementor-section-height-default\" data-id=\"bd798e6\" data-element_type=\"section\" data-e-type=\"section\" data-settings=\"{&quot;background_background&quot;:&quot;classic&quot;}\">\n\t\t\t\t\t\t<div class=\"elementor-container elementor-column-gap-default\">\n\t\t\t\t\t<div class=\"elementor-column elementor-col-33 elementor-top-column elementor-element elementor-element-82cc634\" data-id=\"82cc634\" data-element_type=\"column\" data-e-type=\"column\">\n\t\t\t<div class=\"elementor-widget-wrap\">\n\t\t\t\t\t\t\t<\/div>\n\t\t<\/div>\n\t\t\t\t<div class=\"elementor-column elementor-col-33 elementor-top-column elementor-element elementor-element-c2fd006\" data-id=\"c2fd006\" data-element_type=\"column\" data-e-type=\"column\">\n\t\t\t<div class=\"elementor-widget-wrap\">\n\t\t\t\t\t\t\t<\/div>\n\t\t<\/div>\n\t\t\t\t<div class=\"elementor-column elementor-col-33 elementor-top-column elementor-element elementor-element-907128c\" data-id=\"907128c\" data-element_type=\"column\" data-e-type=\"column\">\n\t\t\t<div class=\"elementor-widget-wrap\">\n\t\t\t\t\t\t\t<\/div>\n\t\t<\/div>\n\t\t\t\t\t<\/div>\n\t\t<\/section>\n\t\t\t\t<\/div>","protected":false},"excerpt":{"rendered":"<p>Vervoer in Barcelona Met VengaBarcelona kom je eenvoudig op je bestemming! Vervoer van en naar vliegveld Barcelona voor iedere groepssamenstelling VengaBarcelona zorgt dat jij je eenvoudig kunt verplaatsen naar en door Barcelona. Of je nu alleen bent, met je partner of bijvoorbeeld met een groep vrienden, wij regelen je vervoer. Van een persoonlijke transfer vanaf [&hellip;]<\/p>\n","protected":false},"author":2,"featured_media":0,"parent":0,"menu_order":0,"comment_status":"closed","ping_status":"closed","template":"elementor_header_footer","meta":{"_acf_changed":false,"footnotes":""},"class_list":["post-132","page","type-page","status-publish","hentry"],"acf":[],"_links":{"self":[{"href":"https:\/\/vengabarcelona.com\/es\/wp-json\/wp\/v2\/pages\/132","targetHints":{"allow":["GET"]}}],"collection":[{"href":"https:\/\/vengabarcelona.com\/es\/wp-json\/wp\/v2\/pages"}],"about":[{"href":"https:\/\/vengabarcelona.com\/es\/wp-json\/wp\/v2\/types\/page"}],"author":[{"embeddable":true,"href":"https:\/\/vengabarcelona.com\/es\/wp-json\/wp\/v2\/users\/2"}],"replies":[{"embeddable":true,"href":"https:\/\/vengabarcelona.com\/es\/wp-json\/wp\/v2\/comments?post=132"}],"version-history":[{"count":0,"href":"https:\/\/vengabarcelona.com\/es\/wp-json\/wp\/v2\/pages\/132\/revisions"}],"wp:attachment":[{"href":"https:\/\/vengabarcelona.com\/es\/wp-json\/wp\/v2\/media?parent=132"}],"curies":[{"name":"wp","href":"https:\/\/api.w.org\/{rel}","templated":true}]}}