{"id":134,"date":"2021-03-10T14:13:03","date_gmt":"2021-03-10T14:13:03","guid":{"rendered":"http:\/\/vps0297.zxcs.nl\/~vengabarcelona\/?page_id=134"},"modified":"2024-09-05T11:59:42","modified_gmt":"2024-09-05T10:59:42","slug":"over-ons","status":"publish","type":"page","link":"https:\/\/vengabarcelona.com\/es\/over-ons\/","title":{"rendered":"Qui\u00e9nes somos"},"content":{"rendered":"<div data-elementor-type=\"wp-page\" data-elementor-id=\"134\" class=\"elementor elementor-134\" data-elementor-post-type=\"page\">\n\t\t\t\t\t\t<section class=\"elementor-section elementor-top-section elementor-element elementor-element-65a50cb elementor-section-height-min-height elementor-section-boxed elementor-section-height-default elementor-section-items-middle\" data-id=\"65a50cb\" data-element_type=\"section\" data-e-type=\"section\" data-settings=\"{&quot;background_background&quot;:&quot;classic&quot;}\">\n\t\t\t\t\t\t\t<div class=\"elementor-background-overlay\"><\/div>\n\t\t\t\t\t\t\t<div class=\"elementor-container elementor-column-gap-default\">\n\t\t\t\t\t<div class=\"elementor-column elementor-col-100 elementor-top-column elementor-element elementor-element-fd91b14\" data-id=\"fd91b14\" data-element_type=\"column\" data-e-type=\"column\">\n\t\t\t<div class=\"elementor-widget-wrap elementor-element-populated\">\n\t\t\t\t\t\t<div class=\"elementor-element elementor-element-7ec371c elementor-widget elementor-widget-heading\" data-id=\"7ec371c\" data-element_type=\"widget\" data-e-type=\"widget\" data-widget_type=\"heading.default\">\n\t\t\t\t<div class=\"elementor-widget-container\">\n\t\t\t\t\t<h1 class=\"elementor-heading-title elementor-size-default\">Qui\u00e9nes somos<\/h1>\t\t\t\t<\/div>\n\t\t\t\t<\/div>\n\t\t\t\t<div class=\"elementor-element elementor-element-db94c4e elementor-widget elementor-widget-shortcode\" data-id=\"db94c4e\" data-element_type=\"widget\" data-e-type=\"widget\" data-widget_type=\"shortcode.default\">\n\t\t\t\t<div class=\"elementor-widget-container\">\n\t\t\t\t\t\t\t<div class=\"elementor-shortcode\"><nav aria-label=\"pan rallado\" class=\"rank-math-breadcrumb\"><p><span class=\"last\">Inicio<\/span><\/p><\/nav><\/div>\n\t\t\t\t\t\t<\/div>\n\t\t\t\t<\/div>\n\t\t\t\t\t<\/div>\n\t\t<\/div>\n\t\t\t\t\t<\/div>\n\t\t<\/section>\n\t\t\t\t<section class=\"elementor-section elementor-top-section elementor-element elementor-element-60ae351 elementor-section-boxed elementor-section-height-default elementor-section-height-default\" data-id=\"60ae351\" data-element_type=\"section\" data-e-type=\"section\">\n\t\t\t\t\t\t<div class=\"elementor-container elementor-column-gap-default\">\n\t\t\t\t\t<div class=\"elementor-column elementor-col-50 elementor-top-column elementor-element elementor-element-7f9eef9\" data-id=\"7f9eef9\" data-element_type=\"column\" data-e-type=\"column\">\n\t\t\t<div class=\"elementor-widget-wrap elementor-element-populated\">\n\t\t\t\t\t\t<div class=\"elementor-element elementor-element-f43571d elementor-widget elementor-widget-heading\" data-id=\"f43571d\" data-element_type=\"widget\" data-e-type=\"widget\" data-widget_type=\"heading.default\">\n\t\t\t\t<div class=\"elementor-widget-container\">\n\t\t\t\t\t<h2 class=\"elementor-heading-title elementor-size-default\">\u00a1Hola! <\/h2>\t\t\t\t<\/div>\n\t\t\t\t<\/div>\n\t\t\t\t<div class=\"elementor-element elementor-element-e4072ed elementor-widget elementor-widget-text-editor\" data-id=\"e4072ed\" data-element_type=\"widget\" data-e-type=\"widget\" data-widget_type=\"text-editor.default\">\n\t\t\t\t<div class=\"elementor-widget-container\">\n\t\t\t\t\t\t\t\t\t<p style=\"font-weight: 400;\">Gracias por dedicar un momento a compartir la historia de VengaBarcelona.<\/p><p style=\"font-weight: 400;\">Me llamo Jeroen de Zeeuw, nac\u00ed en Breskens, Zeeland (Holanda) y vivo en Barcelona desde 2007. El a\u00f1o en que tambi\u00e9n conoc\u00ed a mi actual esposa; Mercedes. Ella naci\u00f3 y creci\u00f3 en Barcelona y conoce la ciudad y la regi\u00f3n como la palma de su mano.<\/p><p style=\"font-weight: 400;\">Antes de instalarme definitivamente en Barcelona, la hab\u00eda visitado varias veces como turista. Desde mi primera visita, lo tuve claro: \u00a1aqu\u00ed es donde voy a vivir alg\u00fan d\u00eda!<\/p><p style=\"font-weight: 400;\">Tras los preparativos necesarios, me fui a Barcelona en marzo de 2007 y empez\u00f3 mi aventura. Como mi espa\u00f1ol no era lo suficientemente bueno, fui a la escuela durante los primeros meses de mi estancia para mejorarlo. Tambi\u00e9n aprovech\u00e9 este periodo para conocer mejor la ciudad y a sus habitantes y acostumbrarme a esta cultura diferente. Sin duda, esto recibi\u00f3 un impulso cuando, en una bonita tarde de verano, en uno de los chiringuitos de la playa de Barcelona, conoc\u00ed a Mercedes. Mercedes es diplomada en turismo, as\u00ed que era de esperar que alg\u00fan d\u00eda empez\u00e1ramos algo divertido....<\/p>\t\t\t\t\t\t\t\t<\/div>\n\t\t\t\t<\/div>\n\t\t\t\t\t<\/div>\n\t\t<\/div>\n\t\t\t\t<div class=\"elementor-column elementor-col-50 elementor-top-column elementor-element elementor-element-a10a002\" data-id=\"a10a002\" data-element_type=\"column\" data-e-type=\"column\">\n\t\t\t<div class=\"elementor-widget-wrap elementor-element-populated\">\n\t\t\t\t\t\t<div class=\"elementor-element elementor-element-b776f3f elementor-widget elementor-widget-image\" data-id=\"b776f3f\" data-element_type=\"widget\" data-e-type=\"widget\" data-widget_type=\"image.default\">\n\t\t\t\t<div class=\"elementor-widget-container\">\n\t\t\t\t\t\t\t\t\t\t\t\t\t\t\t<img fetchpriority=\"high\" decoding=\"async\" width=\"1920\" height=\"2560\" src=\"https:\/\/vengabarcelona.com\/wp-content\/uploads\/2022\/12\/1-scaled.jpg\" class=\"attachment-full size-full wp-image-4124\" alt=\"\" srcset=\"https:\/\/vengabarcelona.com\/wp-content\/uploads\/2022\/12\/1-scaled.jpg 1920w, https:\/\/vengabarcelona.com\/wp-content\/uploads\/2022\/12\/1-225x300.jpg 225w, https:\/\/vengabarcelona.com\/wp-content\/uploads\/2022\/12\/1-768x1024.jpg 768w, https:\/\/vengabarcelona.com\/wp-content\/uploads\/2022\/12\/1-1152x1536.jpg 1152w, https:\/\/vengabarcelona.com\/wp-content\/uploads\/2022\/12\/1-1536x2048.jpg 1536w\" sizes=\"(max-width: 1920px) 100vw, 1920px\" \/>\t\t\t\t\t\t\t\t\t\t\t\t\t\t\t<\/div>\n\t\t\t\t<\/div>\n\t\t\t\t\t<\/div>\n\t\t<\/div>\n\t\t\t\t\t<\/div>\n\t\t<\/section>\n\t\t\t\t<section class=\"elementor-section elementor-top-section elementor-element elementor-element-4d4435f elementor-section-boxed elementor-section-height-default elementor-section-height-default\" data-id=\"4d4435f\" data-element_type=\"section\" data-e-type=\"section\">\n\t\t\t\t\t\t<div class=\"elementor-container elementor-column-gap-default\">\n\t\t\t\t\t<div class=\"elementor-column elementor-col-50 elementor-top-column elementor-element elementor-element-74793ef\" data-id=\"74793ef\" data-element_type=\"column\" data-e-type=\"column\">\n\t\t\t<div class=\"elementor-widget-wrap elementor-element-populated\">\n\t\t\t\t\t\t<div class=\"elementor-element elementor-element-b24f244 elementor-widget elementor-widget-image\" data-id=\"b24f244\" data-element_type=\"widget\" data-e-type=\"widget\" data-widget_type=\"image.default\">\n\t\t\t\t<div class=\"elementor-widget-container\">\n\t\t\t\t\t\t\t\t\t\t\t\t\t\t\t<img decoding=\"async\" width=\"1080\" height=\"1920\" src=\"https:\/\/vengabarcelona.com\/wp-content\/uploads\/2022\/12\/2.png\" class=\"attachment-full size-full wp-image-4125\" alt=\"\" srcset=\"https:\/\/vengabarcelona.com\/wp-content\/uploads\/2022\/12\/2.png 1080w, https:\/\/vengabarcelona.com\/wp-content\/uploads\/2022\/12\/2-169x300.png 169w, https:\/\/vengabarcelona.com\/wp-content\/uploads\/2022\/12\/2-576x1024.png 576w, https:\/\/vengabarcelona.com\/wp-content\/uploads\/2022\/12\/2-768x1365.png 768w, https:\/\/vengabarcelona.com\/wp-content\/uploads\/2022\/12\/2-864x1536.png 864w\" sizes=\"(max-width: 1080px) 100vw, 1080px\" \/>\t\t\t\t\t\t\t\t\t\t\t\t\t\t\t<\/div>\n\t\t\t\t<\/div>\n\t\t\t\t\t<\/div>\n\t\t<\/div>\n\t\t\t\t<div class=\"elementor-column elementor-col-50 elementor-top-column elementor-element elementor-element-7be4cb5\" data-id=\"7be4cb5\" data-element_type=\"column\" data-e-type=\"column\">\n\t\t\t<div class=\"elementor-widget-wrap elementor-element-populated\">\n\t\t\t\t\t\t<div class=\"elementor-element elementor-element-f7606d8 elementor-widget elementor-widget-heading\" data-id=\"f7606d8\" data-element_type=\"widget\" data-e-type=\"widget\" data-widget_type=\"heading.default\">\n\t\t\t\t<div class=\"elementor-widget-container\">\n\t\t\t\t\t<h2 class=\"elementor-heading-title elementor-size-default\">\u00bfPor qu\u00e9 este sitio?<\/h2>\t\t\t\t<\/div>\n\t\t\t\t<\/div>\n\t\t\t\t<div class=\"elementor-element elementor-element-ebf9c0c elementor-widget elementor-widget-text-editor\" data-id=\"ebf9c0c\" data-element_type=\"widget\" data-e-type=\"widget\" data-widget_type=\"text-editor.default\">\n\t\t\t\t<div class=\"elementor-widget-container\">\n\t\t\t\t\t\t\t\t\t<p style=\"font-weight: 400;\">Desde que viv\u00ed en Barcelona, los holandeses me hac\u00edan cada vez m\u00e1s preguntas sobre la ciudad, pero tambi\u00e9n sobre otras ciudades espa\u00f1olas.<\/p><ul style=\"font-weight: 400;\"><li>\u00bfD\u00f3nde est\u00e1n los hoteles m\u00e1s bonitos?<\/li><li>\u00bfQu\u00e9 actividades hay durante las vacaciones?<\/li><li>\u00bfD\u00f3nde se come bien?<\/li><li>\u00bfD\u00f3nde est\u00e1n los bares bonitos?<\/li><li>\u00bfC\u00f3mo puedo conseguir entradas de f\u00fatbol para el FC Barcelona o el Real Madrid?<\/li><\/ul><p style=\"font-weight: 400;\"><br \/>...Y tantas otras preguntas que siempre intent\u00e9 responder lo mejor que pude. Con Mercedes a mi lado, me resultaba mucho m\u00e1s f\u00e1cil responder a esas preguntas.<\/p><p style=\"font-weight: 400;\">Poco a poco, tambi\u00e9n empezamos a ayudar a la gente con otras cosas, como buscar pisos y hoteles bonitos.<\/p><p style=\"font-weight: 400;\">M\u00e1s tarde se a\u00f1adi\u00f3 informaci\u00f3n sobre actividades, y as\u00ed fue naciendo poco a poco nuestra agencia de viajes y eventos. Al principio, d\u00e1bamos informaci\u00f3n a conocidos y amigos.<\/p><p style=\"font-weight: 400;\">Sin embargo, debido a sus experiencias positivas, nuestra \u201cbase de clientes\u201d sigui\u00f3 creciendo y, mientras tanto, hemos establecido buenos contactos en toda Espa\u00f1a.<\/p>\t\t\t\t\t\t\t\t<\/div>\n\t\t\t\t<\/div>\n\t\t\t\t\t<\/div>\n\t\t<\/div>\n\t\t\t\t\t<\/div>\n\t\t<\/section>\n\t\t\t\t<section class=\"elementor-section elementor-top-section elementor-element elementor-element-426c2d7 elementor-section-boxed elementor-section-height-default elementor-section-height-default\" data-id=\"426c2d7\" data-element_type=\"section\" data-e-type=\"section\" data-settings=\"{&quot;background_background&quot;:&quot;classic&quot;}\">\n\t\t\t\t\t\t<div class=\"elementor-container elementor-column-gap-default\">\n\t\t\t\t\t<div class=\"elementor-column elementor-col-50 elementor-top-column elementor-element elementor-element-aaa960a\" data-id=\"aaa960a\" data-element_type=\"column\" data-e-type=\"column\">\n\t\t\t<div class=\"elementor-widget-wrap elementor-element-populated\">\n\t\t\t\t\t\t<div class=\"elementor-element elementor-element-26f4ba7 elementor-widget elementor-widget-heading\" data-id=\"26f4ba7\" data-element_type=\"widget\" data-e-type=\"widget\" data-widget_type=\"heading.default\">\n\t\t\t\t<div class=\"elementor-widget-container\">\n\t\t\t\t\t<h2 class=\"elementor-heading-title elementor-size-default\">As\u00ed conocimos VengaBarcelona<\/h2>\t\t\t\t<\/div>\n\t\t\t\t<\/div>\n\t\t\t\t<div class=\"elementor-element elementor-element-4cccb07 elementor-widget elementor-widget-text-editor\" data-id=\"4cccb07\" data-element_type=\"widget\" data-e-type=\"widget\" data-widget_type=\"text-editor.default\">\n\t\t\t\t<div class=\"elementor-widget-container\">\n\t\t\t\t\t\t\t\t\t<p style=\"font-weight: 400;\">Llevamos muchos a\u00f1os dirigiendo un negocio pr\u00f3spero y agradable, en el que siempre ha prevalecido la peque\u00f1ez. Realmente queremos ser la\u00a0<strong>toque personal<\/strong>\u00a0guardar y gustar \u201c<strong>seguir pensando con originalidad\u201d.<\/strong><\/p><p style=\"font-weight: 400;\">A pesar de unos a\u00f1os dif\u00edciles a causa de la pandemia, afortunadamente salimos adelante. Nuestros hu\u00e9spedes sab\u00edan c\u00f3mo encontrarnos de nuevo para un agradable viaje a Barcelona o Espa\u00f1a.<\/p><p style=\"font-weight: 400;\">As\u00ed es como organizamos los viajes:<\/p><ul style=\"font-weight: 400;\"><li>Amigos<\/li><li>Parejas<\/li><li>Padre e hijo<\/li><li>Madre e hija<\/li><li>Escuelas<\/li><li>Equipos (empresas, organizaciones)<\/li><li>Asociaciones deportivas<\/li><li>Grupos de licenciados<\/li><\/ul>\t\t\t\t\t\t\t\t<\/div>\n\t\t\t\t<\/div>\n\t\t\t\t\t<\/div>\n\t\t<\/div>\n\t\t\t\t<div class=\"elementor-column elementor-col-50 elementor-top-column elementor-element elementor-element-9ccfede\" data-id=\"9ccfede\" data-element_type=\"column\" data-e-type=\"column\">\n\t\t\t<div class=\"elementor-widget-wrap elementor-element-populated\">\n\t\t\t\t\t\t<div class=\"elementor-element elementor-element-5a32191 elementor-widget elementor-widget-image\" data-id=\"5a32191\" data-element_type=\"widget\" data-e-type=\"widget\" data-widget_type=\"image.default\">\n\t\t\t\t<div class=\"elementor-widget-container\">\n\t\t\t\t\t\t\t\t\t\t\t\t\t\t\t<img decoding=\"async\" width=\"1209\" height=\"1331\" src=\"https:\/\/vengabarcelona.com\/wp-content\/uploads\/2022\/12\/17-scaled-e1683903684488.jpg\" class=\"attachment-full size-full wp-image-4516\" alt=\"\" srcset=\"https:\/\/vengabarcelona.com\/wp-content\/uploads\/2022\/12\/17-scaled-e1683903684488.jpg 1209w, https:\/\/vengabarcelona.com\/wp-content\/uploads\/2022\/12\/17-scaled-e1683903684488-273x300.jpg 273w, https:\/\/vengabarcelona.com\/wp-content\/uploads\/2022\/12\/17-scaled-e1683903684488-930x1024.jpg 930w, https:\/\/vengabarcelona.com\/wp-content\/uploads\/2022\/12\/17-scaled-e1683903684488-768x845.jpg 768w\" sizes=\"(max-width: 1209px) 100vw, 1209px\" \/>\t\t\t\t\t\t\t\t\t\t\t\t\t\t\t<\/div>\n\t\t\t\t<\/div>\n\t\t\t\t\t<\/div>\n\t\t<\/div>\n\t\t\t\t\t<\/div>\n\t\t<\/section>\n\t\t\t\t<section class=\"elementor-section elementor-top-section elementor-element elementor-element-399c966 elementor-section-boxed elementor-section-height-default elementor-section-height-default\" data-id=\"399c966\" data-element_type=\"section\" data-e-type=\"section\" data-settings=\"{&quot;background_background&quot;:&quot;classic&quot;}\">\n\t\t\t\t\t\t<div class=\"elementor-container elementor-column-gap-default\">\n\t\t\t\t\t<div class=\"elementor-column elementor-col-33 elementor-top-column elementor-element elementor-element-0ecabe7\" data-id=\"0ecabe7\" data-element_type=\"column\" data-e-type=\"column\">\n\t\t\t<div class=\"elementor-widget-wrap\">\n\t\t\t\t\t\t\t<\/div>\n\t\t<\/div>\n\t\t\t\t<div class=\"elementor-column elementor-col-33 elementor-top-column elementor-element elementor-element-577b026\" data-id=\"577b026\" data-element_type=\"column\" data-e-type=\"column\">\n\t\t\t<div class=\"elementor-widget-wrap\">\n\t\t\t\t\t\t\t<\/div>\n\t\t<\/div>\n\t\t\t\t<div class=\"elementor-column elementor-col-33 elementor-top-column elementor-element elementor-element-5741e83\" data-id=\"5741e83\" data-element_type=\"column\" data-e-type=\"column\">\n\t\t\t<div class=\"elementor-widget-wrap\">\n\t\t\t\t\t\t\t<\/div>\n\t\t<\/div>\n\t\t\t\t\t<\/div>\n\t\t<\/section>\n\t\t\t\t<\/div>","protected":false},"excerpt":{"rendered":"<p>Over ons \u00a1Hola! Bedankt dat je even de tijd neemt voor het verhaal achter VengaBarcelona! Mijn naam is\u00a0Jeroen de Zeeuw, geboren in het Zeeuwse Breskens (Nederland) en sinds 2007 woonachtig in Barcelona. Het jaar waarin ik ook mijn huidige vrouw leerde kennen; Mercedes. Zij is geboren en getogen in Barcelona en kent de stad en [&hellip;]<\/p>\n","protected":false},"author":2,"featured_media":0,"parent":0,"menu_order":0,"comment_status":"closed","ping_status":"closed","template":"elementor_header_footer","meta":{"_acf_changed":false,"footnotes":""},"class_list":["post-134","page","type-page","status-publish","hentry"],"acf":[],"_links":{"self":[{"href":"https:\/\/vengabarcelona.com\/es\/wp-json\/wp\/v2\/pages\/134","targetHints":{"allow":["GET"]}}],"collection":[{"href":"https:\/\/vengabarcelona.com\/es\/wp-json\/wp\/v2\/pages"}],"about":[{"href":"https:\/\/vengabarcelona.com\/es\/wp-json\/wp\/v2\/types\/page"}],"author":[{"embeddable":true,"href":"https:\/\/vengabarcelona.com\/es\/wp-json\/wp\/v2\/users\/2"}],"replies":[{"embeddable":true,"href":"https:\/\/vengabarcelona.com\/es\/wp-json\/wp\/v2\/comments?post=134"}],"version-history":[{"count":3,"href":"https:\/\/vengabarcelona.com\/es\/wp-json\/wp\/v2\/pages\/134\/revisions"}],"predecessor-version":[{"id":12221,"href":"https:\/\/vengabarcelona.com\/es\/wp-json\/wp\/v2\/pages\/134\/revisions\/12221"}],"wp:attachment":[{"href":"https:\/\/vengabarcelona.com\/es\/wp-json\/wp\/v2\/media?parent=134"}],"curies":[{"name":"wp","href":"https:\/\/api.w.org\/{rel}","templated":true}]}}