{"id":3,"date":"2021-03-10T07:51:48","date_gmt":"2021-03-10T07:51:48","guid":{"rendered":"http:\/\/vps0297.zxcs.nl\/~vengabarcelona\/?page_id=3"},"modified":"2023-05-15T10:33:29","modified_gmt":"2023-05-15T09:33:29","slug":"privacybeleid","status":"publish","type":"page","link":"https:\/\/vengabarcelona.com\/es\/privacybeleid\/","title":{"rendered":"Pol\u00edtica de privacidad"},"content":{"rendered":"<div data-elementor-type=\"wp-page\" data-elementor-id=\"3\" class=\"elementor elementor-3\" data-elementor-post-type=\"page\">\n\t\t\t\t\t\t<section class=\"elementor-section elementor-top-section elementor-element elementor-element-2899cf6 elementor-section-height-min-height elementor-section-boxed elementor-section-height-default elementor-section-items-middle\" data-id=\"2899cf6\" data-element_type=\"section\" data-e-type=\"section\" data-settings=\"{&quot;background_background&quot;:&quot;classic&quot;}\">\n\t\t\t\t\t\t\t<div class=\"elementor-background-overlay\"><\/div>\n\t\t\t\t\t\t\t<div class=\"elementor-container elementor-column-gap-default\">\n\t\t\t\t\t<div class=\"elementor-column elementor-col-100 elementor-top-column elementor-element elementor-element-f32249b\" data-id=\"f32249b\" data-element_type=\"column\" data-e-type=\"column\">\n\t\t\t<div class=\"elementor-widget-wrap elementor-element-populated\">\n\t\t\t\t\t\t<div class=\"elementor-element elementor-element-9bba588 elementor-widget elementor-widget-heading\" data-id=\"9bba588\" data-element_type=\"widget\" data-e-type=\"widget\" data-widget_type=\"heading.default\">\n\t\t\t\t<div class=\"elementor-widget-container\">\n\t\t\t\t\t<h1 class=\"elementor-heading-title elementor-size-default\">Pol\u00edtica de privacidad VengaBarcelona<\/h1>\t\t\t\t<\/div>\n\t\t\t\t<\/div>\n\t\t\t\t<div class=\"elementor-element elementor-element-dd3c696 elementor-widget elementor-widget-shortcode\" data-id=\"dd3c696\" data-element_type=\"widget\" data-e-type=\"widget\" data-widget_type=\"shortcode.default\">\n\t\t\t\t<div class=\"elementor-widget-container\">\n\t\t\t\t\t\t\t<div class=\"elementor-shortcode\"><nav aria-label=\"pan rallado\" class=\"rank-math-breadcrumb\"><p><span class=\"last\">Inicio<\/span><\/p><\/nav><\/div>\n\t\t\t\t\t\t<\/div>\n\t\t\t\t<\/div>\n\t\t\t\t\t<\/div>\n\t\t<\/div>\n\t\t\t\t\t<\/div>\n\t\t<\/section>\n\t\t\t\t<section class=\"elementor-section elementor-top-section elementor-element elementor-element-31487c0e elementor-section-boxed elementor-section-height-default elementor-section-height-default\" data-id=\"31487c0e\" data-element_type=\"section\" data-e-type=\"section\" data-settings=\"{&quot;background_background&quot;:&quot;classic&quot;}\">\n\t\t\t\t\t\t<div class=\"elementor-container elementor-column-gap-default\">\n\t\t\t\t\t<div class=\"elementor-column elementor-col-100 elementor-top-column elementor-element elementor-element-55d1ba0a\" data-id=\"55d1ba0a\" data-element_type=\"column\" data-e-type=\"column\">\n\t\t\t<div class=\"elementor-widget-wrap elementor-element-populated\">\n\t\t\t\t\t\t<div class=\"elementor-element elementor-element-6e1df0c elementor-widget elementor-widget-text-editor\" data-id=\"6e1df0c\" data-element_type=\"widget\" data-e-type=\"widget\" data-widget_type=\"text-editor.default\">\n\t\t\t\t<div class=\"elementor-widget-container\">\n\t\t\t\t\t\t\t\t\t<h2>Qui\u00e9nes somos<\/h2>\n<p>Jeroen de Zeeuw, en adelante Vengabarcelona, con domicilio en Calle Mallorca 496 sat 08013 Barcelona Espa\u00f1a, es responsable del tratamiento de los datos personales reflejados en la presente declaraci\u00f3n de privacidad.<\/p>\n<p>Datos de contacto:<br \/><a href=\"https:\/\/vengabarcelona.com\/es\/\">https:\/\/vengabarcelona.com\/<\/a><br \/>Calle Mallorca 496 sat - 08013 Barcelona - Espa\u00f1a<br \/><a href=\"tel:+34663677399\">+34 663 677 339<\/a><\/p>\t\t\t\t\t\t\t\t<\/div>\n\t\t\t\t<\/div>\n\t\t\t\t<div class=\"elementor-element elementor-element-e447f70 elementor-widget elementor-widget-text-editor\" data-id=\"e447f70\" data-element_type=\"widget\" data-e-type=\"widget\" data-widget_type=\"text-editor.default\">\n\t\t\t\t<div class=\"elementor-widget-container\">\n\t\t\t\t\t\t\t\t\t<h3><strong>Datos personales<\/strong><\/h3>\n<p>Vengabarcelona procesa sus datos personales porque usted utiliza nuestros servicios y\/o porque usted mismo nos proporciona estos datos. A continuaci\u00f3n encontrar\u00e1 un resumen de los datos personales que procesamos:<\/p>\n<ul>\n<li>Nombre y apellidos<\/li>\n<li>G\u00e9nero<\/li>\n<li>Fecha de nacimiento<\/li>\n<li>Direcci\u00f3n<\/li>\n<li>N\u00famero de tel\u00e9fono<\/li>\n<li>Direcci\u00f3n de correo electr\u00f3nico<\/li>\n<li>Otros datos personales que facilite activamente, por ejemplo, al crear un perfil en este sitio web, en correspondencia y por tel\u00e9fono - Lista de datos de contacto de clientes a trav\u00e9s de una app<\/li>\n<li>N\u00famero de cuenta bancaria<\/li>\n<\/ul>\n<h3><strong>Formularios de contacto<\/strong><\/h3>\n<p>Se utilizan m\u00faltiples formularios de contacto para registrar los datos personales necesarios para nuestros servicios. Puede leer la descripci\u00f3n de esos datos en los tres p\u00e1rrafos anteriores.<\/p>\n<h3><strong>Comentarios<\/strong><\/h3>\n<p>Cuando los visitantes dejan comentarios en el sitio, recogemos los datos que aparecen en el formulario de comentarios, la direcci\u00f3n IP del visitante y el agente de usuario del navegador para ayudar a detectar el spam.<\/p>\n<p>Una cadena an\u00f3nima creada a partir de su direcci\u00f3n de correo electr\u00f3nico (tambi\u00e9n llamada hash) puede ser enviada al servicio Gravatar si usted lo utiliza. La p\u00e1gina de pol\u00edtica de privacidad se encuentra aqu\u00ed: https:\/\/automattic.com\/privacy\/. Una vez aprobado tu comentario, tu foto de perfil ser\u00e1 visible p\u00fablicamente en el contexto de tu comentario.<\/p>\n<p><\/p>\n<h3 class=\"wp-block-heading\"><strong>Cookies, o t\u00e9cnicas similares, que utilizamos<\/strong><\/h3>\n<p>Vengabarcelona utiliza cookies funcionales, anal\u00edticas y de seguimiento. Una cookie es un peque\u00f1o archivo de texto que se almacena en el navegador de su ordenador, tableta o smartphone la primera vez que visita este sitio web. Vengabarcelona utiliza cookies con una funcionalidad puramente t\u00e9cnica. Estas garantizan que el sitio web funcione correctamente y que, por ejemplo, se recuerden sus preferencias. Estas cookies tambi\u00e9n se utilizan para que el sitio web funcione correctamente y para optimizarlo. Adem\u00e1s, colocamos cookies que rastrean su comportamiento de navegaci\u00f3n para poder ofrecerle contenidos y anuncios personalizados. En su primera visita a nuestro sitio web, ya le informamos sobre estas cookies y le pedimos permiso para colocarlas. Puede rechazar las cookies configurando su navegador de Internet para que deje de almacenarlas. Adem\u00e1s, tambi\u00e9n puede eliminar cualquier informaci\u00f3n almacenada previamente a trav\u00e9s de la configuraci\u00f3n de su navegador. Para m\u00e1s informaci\u00f3n, consulte:\u00a0<a href=\"https:\/\/veiliginternetten.nl\/themes\/situatie\/cookies-wat-zijn-het-en-wat-doe-ik-ermee\/\" target=\"_blank\" rel=\"noreferrer noopener\">https:\/\/veiliginternetten.nl\/themes\/situatie\/cookies-wat-zijn-het-en-wat-doe-ik-ermee\/<\/a>.<\/p>\n<p>En este sitio web tambi\u00e9n se instalan cookies de terceros. Entre ellos se incluyen, por ejemplo, los anunciantes y\/o las empresas de medios sociales. A continuaci\u00f3n se ofrece una visi\u00f3n general:<\/p>\n<h4><strong>WordPress<\/strong><\/h4>\n<p>Cuando deja un comentario en nuestro sitio, puede especificar si su nombre, direcci\u00f3n de correo electr\u00f3nico y sitio pueden almacenarse en una cookie. Lo hacemos para su comodidad, para que no tenga que volver a introducir estos datos para un nuevo comentario. Estas cookies son v\u00e1lidas durante un a\u00f1o.<\/p>\n<p>Si visita nuestra p\u00e1gina de inicio de sesi\u00f3n, almacenamos una cookie temporal para comprobar si su navegador acepta cookies. Esta cookie no contiene datos personales y se elimina en cuanto cierra el navegador.<\/p>\n<p>Una vez que inicie sesi\u00f3n, almacenaremos algunas cookies relacionadas con su informaci\u00f3n de inicio de sesi\u00f3n y las opciones de visualizaci\u00f3n en pantalla. Las cookies de inicio de sesi\u00f3n son v\u00e1lidas durante 2 d\u00edas y las cookies para las opciones de visualizaci\u00f3n en pantalla son v\u00e1lidas durante 1 a\u00f1o. Si selecciona \u201cRecordarme\u201d, sus datos de acceso se guardar\u00e1n durante 2 semanas. Una vez que salga de su cuenta, las cookies de inicio de sesi\u00f3n se borrar\u00e1n.<\/p>\n<p>Cuando edita o publica un art\u00edculo, su navegador almacena una cookie adicional. Esta cookie no contiene datos personales y s\u00f3lo contiene el ID del art\u00edculo que ha editado. Esta cookie caduca al cabo de un d\u00eda.<\/p>\n<h3><strong>Contenido incrustado de otros sitios<\/strong><\/h3>\n<p>Las entradas de este sitio pueden incluir contenido incrustado (por ejemplo, v\u00eddeos, im\u00e1genes, mensajes, etc.). El contenido incrustado de otros sitios se comporta exactamente igual que si el visitante hubiera visitado este otro sitio.<\/p>\n<p>Estos sitios pueden recopilar datos sobre usted, utilizar cookies, incrustar seguimiento adicional de terceros y supervisar su interacci\u00f3n con este contenido incrustado, incluido el registro de su interacci\u00f3n con el contenido incrustado si tiene una cuenta y ha iniciado sesi\u00f3n en ese sitio.<\/p>\n<h3><strong>Anal\u00edtica<\/strong><\/h3>\n<p>Actualmente no utilizamos ning\u00fan servicio de an\u00e1lisis en nuestro sitio web.<\/p>\n<p>Para nuestro bolet\u00edn de noticias, utilizamos mailchimp y su servicio de an\u00e1lisis (<a href=\"https:\/\/mailchimp.com\/legal\/privacy\/\" target=\"_blank\" rel=\"noreferrer noopener\">https:\/\/mailchimp.com\/legal\/privacy\/<\/a>).<\/p>\n<h2><strong>Con qui\u00e9n compartimos sus datos<\/strong><\/h2>\n<p>Si solicita un restablecimiento de contrase\u00f1a, su direcci\u00f3n IP se incluir\u00e1 en el correo electr\u00f3nico de restablecimiento.<\/p>\n<h2><strong>Cu\u00e1nto tiempo conservamos sus datos<\/strong><\/h2>\n<p>Cuando dejas un comentario, ese comentario y sus metadatos quedan almacenados para siempre. De este modo, podemos reconocer y aprobar autom\u00e1ticamente los comentarios de seguimiento en lugar de tener que moderarlos.<\/p>\n<p>Para los usuarios que se registran en nuestro sitio (si los hay), tambi\u00e9n almacenamos la informaci\u00f3n personal que proporcionan en su perfil de usuario. Todos los usuarios pueden ver, editar o borrar su informaci\u00f3n personal en cualquier momento (excepto que no pueden cambiar su nombre de usuario). Los administradores del sitio tambi\u00e9n pueden ver y editar esta informaci\u00f3n.<\/p>\n<h2><strong>Qu\u00e9 derechos tiene sobre sus datos<\/strong><\/h2>\n<p>Si tiene una cuenta en este sitio o ha dejado comentarios, puede solicitar un archivo de exportaci\u00f3n de los datos personales que tenemos sobre usted, incluidos los que nos haya facilitado. Tambi\u00e9n puede solicitar que eliminemos cualquier dato personal que tengamos sobre usted. Esto no incluye los datos que debamos conservar por motivos administrativos, legales o de seguridad.<\/p>\n<h2><strong>D\u00f3nde enviamos sus datos<\/strong><\/h2>\n<p>Las respuestas de los visitantes pueden ser controladas a trav\u00e9s de un servicio automatizado de detecci\u00f3n de spam.<\/p>\n<h2><strong>Informaci\u00f3n complementaria<\/strong><\/h2>\n<h3><strong>C\u00f3mo protegemos sus datos<\/strong><\/h3>\n<p>VengaBarcelona se toma muy en serio la protecci\u00f3n de sus datos y adopta las medidas adecuadas para evitar el uso indebido, la p\u00e9rdida, el acceso no autorizado, la divulgaci\u00f3n no deseada y la modificaci\u00f3n no autorizada. Si a pesar de ello considera que sus datos no est\u00e1n bien protegidos o existen indicios de uso indebido, p\u00f3ngase en contacto con nuestro servicio de atenci\u00f3n al cliente o a trav\u00e9s de hola@vengabarcelona.com.<\/p>\n<h3><strong>Ver, modificar o eliminar datos<\/strong><\/h3>\n<p>Ver, corregir o eliminar datosUsted tiene derecho a ver, corregir o eliminar sus datos personales. Adem\u00e1s, tiene derecho a retirar su posible consentimiento al tratamiento de datos u oponerse al tratamiento de sus datos personales por VengaBarcelona y tiene derecho a la portabilidad de datos. Esto significa que puede solicitarnos que le enviemos los datos personales que tenemos sobre usted en un archivo inform\u00e1tico a usted o a otra organizaci\u00f3n nombrada por usted. Puede enviar una solicitud de inspecci\u00f3n, correcci\u00f3n, supresi\u00f3n, transferencia de sus datos personales o una solicitud para retirar su consentimiento u oponerse al tratamiento de sus datos personales a naarhola@vengabarcelona.com. Para asegurarnos de que la solicitud de inspecci\u00f3n ha sido realizada por usted, le pedimos que env\u00ede junto con la solicitud una copia de su documento de identidad. En esta copia, borre la foto de su pasaporte, la MRZ (zona legible por m\u00e1quina, la franja con n\u00fameros en la parte inferior del pasaporte), el n\u00famero de pasaporte y el N\u00famero de Servicio al Ciudadano (BSN). Esto es para proteger su intimidad. Responderemos a su solicitud lo antes posible, pero en un plazo m\u00e1ximo de cuatro semanas. VengaBarcelona tambi\u00e9n desea informarle de que tiene la opci\u00f3n de presentar una reclamaci\u00f3n ante la autoridad nacional de control, la Autoridad de Datos Personales. Puede hacerlo a trav\u00e9s del siguiente enlace:\u00a0<a href=\"https:\/\/autoriteitpersoonsgegevens.nl\/nl\/contact-met-de-autoriteit-persoonsgegevens\/tip-ons\" target=\"_blank\" rel=\"noreferrer noopener\">https:\/\/autoriteitpersoonsgegevens.nl\/nl\/contact-met-de-autoriteit-persoonsgegevens\/tip-ons<\/a>.<\/p>\n<h3>Cu\u00e1nto tiempo conservamos los datos personales<\/h3>\n<p>Vengabarcelona no conserva sus datos personales durante m\u00e1s tiempo del estrictamente necesario para cumplir los fines para los que se recogieron sus datos. Utilizamos los siguientes periodos de conservaci\u00f3n para las siguientes (categor\u00edas de) datos personales: 5 a\u00f1os despu\u00e9s del \u00faltimo contacto.<\/p>\n<h3>Compartir datos personales con terceros<\/h3>\n<p>Vengabarcelona no vende sus datos a terceros y s\u00f3lo los facilitar\u00e1 si es necesario para la ejecuci\u00f3n de nuestro acuerdo con usted o para cumplir una obligaci\u00f3n legal. Con las empresas que procesan sus datos en nuestro nombre, concluimos un acuerdo de procesamiento para garantizar el mismo nivel de seguridad y confidencialidad de sus datos. Vengabarcelona sigue siendo responsable de este tratamiento.<\/p>\n<p><\/p>\t\t\t\t\t\t\t\t<\/div>\n\t\t\t\t<\/div>\n\t\t\t\t\t<\/div>\n\t\t<\/div>\n\t\t\t\t\t<\/div>\n\t\t<\/section>\n\t\t\t\t<\/div>","protected":false},"excerpt":{"rendered":"<p>Privacybeleid VengaBarcelona Wie zijn we Jeroen de Zeeuw, hierna te noemen Vengabarcelona, gevestigd aan Calle Mallorca 496 sat 08013 Barcelona Spanje, is verantwoordelijk voor de verwerking van persoonsgegevens zoalsweergegeven in deze privacyverklaring. Contactgegevens:https:\/\/vengabarcelona.com\/Calle Mallorca 496 sat \u2013 08013 Barcelona \u2013 Spanje+34 663 677 339 Persoonsgegevens Vengabarcelona verwerkt je persoonsgegevens doordat je gebruik maakt van onze [&hellip;]<\/p>\n","protected":false},"author":2,"featured_media":0,"parent":0,"menu_order":0,"comment_status":"closed","ping_status":"closed","template":"elementor_header_footer","meta":{"_acf_changed":false,"footnotes":""},"class_list":["post-3","page","type-page","status-publish","hentry"],"acf":[],"_links":{"self":[{"href":"https:\/\/vengabarcelona.com\/es\/wp-json\/wp\/v2\/pages\/3","targetHints":{"allow":["GET"]}}],"collection":[{"href":"https:\/\/vengabarcelona.com\/es\/wp-json\/wp\/v2\/pages"}],"about":[{"href":"https:\/\/vengabarcelona.com\/es\/wp-json\/wp\/v2\/types\/page"}],"author":[{"embeddable":true,"href":"https:\/\/vengabarcelona.com\/es\/wp-json\/wp\/v2\/users\/2"}],"replies":[{"embeddable":true,"href":"https:\/\/vengabarcelona.com\/es\/wp-json\/wp\/v2\/comments?post=3"}],"version-history":[{"count":0,"href":"https:\/\/vengabarcelona.com\/es\/wp-json\/wp\/v2\/pages\/3\/revisions"}],"wp:attachment":[{"href":"https:\/\/vengabarcelona.com\/es\/wp-json\/wp\/v2\/media?parent=3"}],"curies":[{"name":"wp","href":"https:\/\/api.w.org\/{rel}","templated":true}]}}