{"id":9522,"date":"2024-02-05T14:02:55","date_gmt":"2024-02-05T13:02:55","guid":{"rendered":"https:\/\/vengabarcelona.com\/?page_id=9522"},"modified":"2025-10-22T21:08:38","modified_gmt":"2025-10-22T19:08:38","slug":"fietstours","status":"publish","type":"page","link":"https:\/\/vengabarcelona.com\/es\/fietstours\/","title":{"rendered":"Rutas en bicicleta"},"content":{"rendered":"<div data-elementor-type=\"wp-page\" data-elementor-id=\"9522\" class=\"elementor elementor-9522\" data-elementor-post-type=\"page\">\n\t\t\t\t\t\t<section class=\"elementor-section elementor-top-section elementor-element elementor-element-550b91a elementor-section-height-min-height elementor-section-boxed elementor-section-height-default elementor-section-items-middle\" data-id=\"550b91a\" data-element_type=\"section\" data-e-type=\"section\" data-settings=\"{&quot;background_background&quot;:&quot;classic&quot;}\">\n\t\t\t\t\t\t\t<div class=\"elementor-background-overlay\"><\/div>\n\t\t\t\t\t\t\t<div class=\"elementor-container elementor-column-gap-default\">\n\t\t\t\t\t<div class=\"elementor-column elementor-col-100 elementor-top-column elementor-element elementor-element-1cbad49\" data-id=\"1cbad49\" data-element_type=\"column\" data-e-type=\"column\">\n\t\t\t<div class=\"elementor-widget-wrap elementor-element-populated\">\n\t\t\t\t\t\t<div class=\"elementor-element elementor-element-2da398c elementor-widget elementor-widget-heading\" data-id=\"2da398c\" data-element_type=\"widget\" data-e-type=\"widget\" data-widget_type=\"heading.default\">\n\t\t\t\t<div class=\"elementor-widget-container\">\n\t\t\t\t\t<h1 class=\"elementor-heading-title elementor-size-default\">Rutas en bicicleta Barcelona<\/h1>\t\t\t\t<\/div>\n\t\t\t\t<\/div>\n\t\t\t\t<div class=\"elementor-element elementor-element-7e652c9 elementor-widget elementor-widget-shortcode\" data-id=\"7e652c9\" data-element_type=\"widget\" data-e-type=\"widget\" data-widget_type=\"shortcode.default\">\n\t\t\t\t<div class=\"elementor-widget-container\">\n\t\t\t\t\t\t\t<div class=\"elementor-shortcode\"><nav aria-label=\"pan rallado\" class=\"rank-math-breadcrumb\"><p><span class=\"last\">Inicio<\/span><\/p><\/nav><\/div>\n\t\t\t\t\t\t<\/div>\n\t\t\t\t<\/div>\n\t\t\t\t\t<\/div>\n\t\t<\/div>\n\t\t\t\t\t<\/div>\n\t\t<\/section>\n\t\t\t\t<section class=\"elementor-section elementor-top-section elementor-element elementor-element-a71f2a3 elementor-section-boxed elementor-section-height-default elementor-section-height-default\" data-id=\"a71f2a3\" data-element_type=\"section\" data-e-type=\"section\" data-settings=\"{&quot;background_background&quot;:&quot;classic&quot;}\">\n\t\t\t\t\t\t<div class=\"elementor-container elementor-column-gap-default\">\n\t\t\t\t\t<div class=\"elementor-column elementor-col-50 elementor-top-column elementor-element elementor-element-dce0d81\" data-id=\"dce0d81\" data-element_type=\"column\" data-e-type=\"column\">\n\t\t\t<div class=\"elementor-widget-wrap elementor-element-populated\">\n\t\t\t\t\t\t<div class=\"elementor-element elementor-element-dc76534 elementor-widget elementor-widget-heading\" data-id=\"dc76534\" data-element_type=\"widget\" data-e-type=\"widget\" data-widget_type=\"heading.default\">\n\t\t\t\t<div class=\"elementor-widget-container\">\n\t\t\t\t\t<h2 class=\"elementor-heading-title elementor-size-default\">Ruta en bicicleta por Barcelona en neerland\u00e9s\n<\/h2>\t\t\t\t<\/div>\n\t\t\t\t<\/div>\n\t\t\t\t<div class=\"elementor-element elementor-element-e0d1cfc elementor-widget elementor-widget-text-editor\" data-id=\"e0d1cfc\" data-element_type=\"widget\" data-e-type=\"widget\" data-widget_type=\"text-editor.default\">\n\t\t\t\t<div class=\"elementor-widget-container\">\n\t\t\t\t\t\t\t\t\t<p><span style=\"font-weight: 400;\">Descubra la hermosa Barcelona en bicicleta con un gu\u00eda de habla holandesa. Disfruta con tu compa\u00f1\u00eda de viaje y ponte en marcha con nosotros.<\/span><\/p><p><span style=\"font-weight: 400;\">Jeroen y su equipo conocen todos los lugares hermosos y especiales de la bella ciudad y recorren Barcelona en bicicleta junto a usted y su grupo. Si Jeroen no est\u00e1 disponible, otro gu\u00eda experimentado le llevar\u00e1 en el Barcelona Dutch bike tour. Ellos le presentar\u00e1n todos los lugares hermosos de Barcelona.<\/span><\/p><p><span style=\"font-weight: 400;\">El tour en bicicleta por Barcelona con gu\u00eda holand\u00e9s es apto para j\u00f3venes y mayores. Incluye gu\u00eda, bicicleta (posiblemente E-bike o asiento para ni\u00f1os) y divertidas paradas sorprendentes. Le mostramos todas las joyas ocultas de Barcelona. <\/span><span style=\"font-weight: 400;\"><br \/><\/span><span style=\"font-weight: 400;\"><br \/><\/span><span style=\"font-weight: 400;\">Existen diferentes tipos de tours en bicicleta por Barcelona. Un tour en bicicleta por Barcelona a medida en holand\u00e9s es uno de ellos. En funci\u00f3n de sus deseos, le prepararemos una bonita excursi\u00f3n en bicicleta.<\/span><span style=\"font-weight: 400;\"><br \/><\/span><span style=\"font-weight: 400;\">\u00bfEres un fan\u00e1tico del f\u00fatbol? Entonces el tour de f\u00fatbol en bicicleta por Barcelona es para ti. Nuestros clientes tambi\u00e9n llaman a este tour el tour en bici del Bar\u00e7a.<\/span><\/p><p><span style=\"font-weight: 400;\">Nuestros tours en bicicleta Barcelona son adecuados para:<\/span><\/p><ul><li style=\"font-weight: 400;\" aria-level=\"1\"><span style=\"font-weight: 400;\">J\u00f3venes y mayores<\/span><\/li><li style=\"font-weight: 400;\" aria-level=\"1\"><span style=\"font-weight: 400;\">Familias\u00a0<\/span><\/li><li style=\"font-weight: 400;\" aria-level=\"1\"><span style=\"font-weight: 400;\">Familias con ni\u00f1os<\/span><\/li><li style=\"font-weight: 400;\" aria-level=\"1\"><span style=\"font-weight: 400;\">Despedidas de soltero<\/span><\/li><li style=\"font-weight: 400;\" aria-level=\"1\"><span style=\"font-weight: 400;\">Salidas de empresa<\/span><\/li><li style=\"font-weight: 400;\" aria-level=\"1\"><span style=\"font-weight: 400;\">Salidas en equipo\u00a0<\/span><\/li><li style=\"font-weight: 400;\" aria-level=\"1\"><span style=\"font-weight: 400;\">Grupo de amigos<\/span><\/li><li style=\"font-weight: 400;\" aria-level=\"1\"><span style=\"font-weight: 400;\">Aficionados al f\u00fatbol, etc.<\/span><\/li><\/ul><p><span style=\"font-weight: 400;\">\u00a0<\/span><\/p><p><span style=\"font-weight: 400;\">Si s\u00f3lo quiere una excursi\u00f3n divertida en bicicleta sin demasiadas complicaciones ni historia, opte por una excursi\u00f3n privada en bicicleta y haremos que sea una excursi\u00f3n divertida en bicicleta.<\/span><\/p><p><span style=\"font-weight: 400;\">\u00bfPrefieres recorrer la ciudad en bicicleta de forma c\u00f3moda y segura, parando en los bares para degustar las cervezas y los c\u00f3cteles m\u00e1s sabrosos? Entonces tambi\u00e9n has venido al lugar adecuado. Disfrute de unas horas de diversi\u00f3n con su grupo. \u00a1Nosotros lo organizamos!<\/span><\/p><p><span style=\"font-weight: 400;\">Si es necesario, podemos a\u00f1adir algunas actividades extra con, por ejemplo, nuestros divertid\u00edsimos minijuegos.<\/span><\/p><p><span style=\"font-weight: 400;\">Una vez recibido el formulario de solicitud, nos pondremos en contacto con usted en un plazo de 24 horas.<\/span><\/p>\t\t\t\t\t\t\t\t<\/div>\n\t\t\t\t<\/div>\n\t\t\t\t<div class=\"elementor-element elementor-element-1a119a4 elementor-align-left elementor-mobile-align-justify elementor-widget elementor-widget-button\" data-id=\"1a119a4\" data-element_type=\"widget\" data-e-type=\"widget\" data-widget_type=\"button.default\">\n\t\t\t\t<div class=\"elementor-widget-container\">\n\t\t\t\t\t\t\t\t\t<div class=\"elementor-button-wrapper\">\n\t\t\t\t\t<a class=\"elementor-button elementor-button-link elementor-size-md elementor-animation-bounce-in\" href=\"#tours\">\n\t\t\t\t\t\t<span class=\"elementor-button-content-wrapper\">\n\t\t\t\t\t\t\t\t\t<span class=\"elementor-button-text\">Despl\u00e1cese hacia abajo para ver nuestra selecci\u00f3n de varias excursiones en bicicleta por Barcelona en neerland\u00e9s.<\/span>\n\t\t\t\t\t<\/span>\n\t\t\t\t\t<\/a>\n\t\t\t\t<\/div>\n\t\t\t\t\t\t\t\t<\/div>\n\t\t\t\t<\/div>\n\t\t\t\t\t<\/div>\n\t\t<\/div>\n\t\t\t\t<div class=\"elementor-column elementor-col-50 elementor-top-column elementor-element elementor-element-649e7d3\" data-id=\"649e7d3\" data-element_type=\"column\" data-e-type=\"column\">\n\t\t\t<div class=\"elementor-widget-wrap elementor-element-populated\">\n\t\t\t\t\t\t<div class=\"elementor-element elementor-element-e6ce913 elementor-widget__width-initial elementor-widget elementor-widget-image\" data-id=\"e6ce913\" data-element_type=\"widget\" data-e-type=\"widget\" data-widget_type=\"image.default\">\n\t\t\t\t<div class=\"elementor-widget-container\">\n\t\t\t\t\t\t\t\t\t\t\t\t\t\t\t<img fetchpriority=\"high\" decoding=\"async\" width=\"940\" height=\"788\" src=\"https:\/\/vengabarcelona.com\/wp-content\/uploads\/2024\/02\/5-1-1.png\" class=\"attachment-full size-full wp-image-9597\" alt=\"\" srcset=\"https:\/\/vengabarcelona.com\/wp-content\/uploads\/2024\/02\/5-1-1.png 940w, https:\/\/vengabarcelona.com\/wp-content\/uploads\/2024\/02\/5-1-1-300x251.png 300w, https:\/\/vengabarcelona.com\/wp-content\/uploads\/2024\/02\/5-1-1-768x644.png 768w\" sizes=\"(max-width: 940px) 100vw, 940px\" \/>\t\t\t\t\t\t\t\t\t\t\t\t\t\t\t<\/div>\n\t\t\t\t<\/div>\n\t\t\t\t\t<\/div>\n\t\t<\/div>\n\t\t\t\t\t<\/div>\n\t\t<\/section>\n\t\t\t\t<section class=\"elementor-section elementor-top-section elementor-element elementor-element-a87858d elementor-section-boxed elementor-section-height-default elementor-section-height-default\" data-id=\"a87858d\" data-element_type=\"section\" data-e-type=\"section\" id=\"tours\" data-settings=\"{&quot;background_background&quot;:&quot;classic&quot;}\">\n\t\t\t\t\t\t<div class=\"elementor-container elementor-column-gap-default\">\n\t\t\t\t\t<div class=\"elementor-column elementor-col-100 elementor-top-column elementor-element elementor-element-2078d06\" data-id=\"2078d06\" data-element_type=\"column\" data-e-type=\"column\">\n\t\t\t<div class=\"elementor-widget-wrap elementor-element-populated\">\n\t\t\t\t\t\t<div class=\"elementor-element elementor-element-0bf0ee1 elementor-widget elementor-widget-ucaddon_post_list\" data-id=\"0bf0ee1\" data-element_type=\"widget\" data-e-type=\"widget\" data-widget_type=\"ucaddon_post_list.default\">\n\t\t\t\t<div class=\"elementor-widget-container\">\n\t\t\t\t\t\n<!-- start Post List -->\n\t\t<link id='font-awesome-css' href='https:\/\/vengabarcelona.com\/wp-content\/plugins\/unlimited-elements-for-elementor-premium\/assets_libraries\/font-awesome6\/fontawesome-all.min.css' type='text\/css' rel='stylesheet' >\n\t\t<link id='font-awesome-4-shim-css' href='https:\/\/vengabarcelona.com\/wp-content\/plugins\/unlimited-elements-for-elementor-premium\/assets_libraries\/font-awesome6\/fontawesome-v4-shims.min.css' type='text\/css' rel='stylesheet' >\n\n<style>\/* widget: Post List *\/\n\n\n\n#uc_post_list_elementor_0bf0ee1\n{\n  display:grid;\n}\n\n\n#uc_post_list_elementor_0bf0ee1 .uc_post_list_image div\n{\n  background-size:cover;\n  background-position:center;\n}\n\n\n.uc_post_list .uc_post_list_box{\n\tposition: relative;\n\toverflow: hidden;\n\tdisplay: flex;\n}\n\n#uc_post_list_elementor_0bf0ee1 .uc_post_list_image\n{\n  flex-grow:0;\n  flex-shrink:0;\n}\n\n#uc_post_list_elementor_0bf0ee1 .uc_post_list_image img\n{\n  width:100%;\n  display:block;\n  transition:0.3s;\n  \n}\n\n\n.uc_post_list_title a{\n\tcolor: #333333;\n}\n.uc_post_list_date{\n\tfont-size: 12px;\n}\n\n#uc_post_list_elementor_0bf0ee1 .uc_post_list_content\n{\n  display:flex;\n  flex-direction:column;\n  flex:1;\n}\n\n#uc_post_list_elementor_0bf0ee1 .uc_more_btn{\n\n  text-align:center;\n  text-decoration:none;\n  transition:0.3s;\n}\n\n#uc_post_list_elementor_0bf0ee1 .button-on-side\n{\n  display:flex;\n  align-items:center;\n}\n\n\n.ue-grid-item-category a\n{\n  display:inline-block;\n  font-size:10px;\n  text-transform:uppercase;\n}\n\n#uc_post_list_elementor_0bf0ee1 .ue-meta-data\n{\n  \n  display:flex;\n\n  flex-wrap: wrap;\n  line-height:1em;\n}\n\n#uc_post_list_elementor_0bf0ee1 .ue-grid-item-meta-data\n{\n      display:inline-flex;\n      align-items:center;\n}\n\n.ue-grid-item-meta-data\n{\n  font-size:12px;\n}\n\n#uc_post_list_elementor_0bf0ee1 .ue-grid-item-meta-data-icon\n{\n  line-height:1em;\n}\n\n#uc_post_list_elementor_0bf0ee1 .ue-grid-item-meta-data-icon svg\n{\n  width:1em;\n  height:1em;\n}\n\n\n\n#uc_post_list_elementor_0bf0ee1 .ue-debug-meta\n{\n  padding:10px;\n  border:1px solid red;\n  position:relative;\n  line-height:1.5em;\n  font-size:11px;\n  width:100%;\n}\n\n.uc-remote-parent .uc_post_list_box{\n\tcursor:pointer;\n}\n\n#uc_post_list_elementor_0bf0ee1 .ue-post-link-overlay\n{\n  display:block;\n  position:absolute;\n  top:0;\n  bottom:0;\n  right:0;\n  left:0;\n}\n\n<\/style>\n\n<div class=\"uc_post_list uc-items-wrapper\" id=\"uc_post_list_elementor_0bf0ee1\"  >    \t\n  <div class=\"uc_post_list_box\">\n    \n  \t    <div class=\"uc_post_list_image\">\n      <a href=\"https:\/\/vengabarcelona.com\/es\/activiteit\/fietstour-highlights-en-fc-barcelona\/\" title=\"Lo m\u00e1s destacado de la visita en bicicleta y el FC Barcelona\" target=\"_self\">\n          \n            <img decoding=\"async\" src=\"https:\/\/vengabarcelona.com\/wp-content\/uploads\/2025\/10\/IMG-1481-1.jpg\"  alt=\"IMG-1481 (1)\" width=\"2000\" height=\"1500\">\n        \t\n        \n      <\/a>\n    <\/div>\n  \t\t\n  \n    <div class=\"uc_post_list_content\">\n      <div class=\"uc_post_list_content_inside\">\n        \n                        \n         <div class=\"uc_post_list_title\"><a target=\"_self\" href=\"https:\/\/vengabarcelona.com\/es\/activiteit\/fietstour-highlights-en-fc-barcelona\/\" title=\"Lo m\u00e1s destacado de la visita en bicicleta y el FC Barcelona\">Lo m\u00e1s destacado de la visita en bicicleta y el FC Barcelona<\/a><\/div>\t\n         \n        <div class=\"ue-meta-data\">\n                                               \n            \n          \n                        \n            \n                        \n                        \n            \n              \n          <\/div>         \n                \n                 \n                 \t        \n           <a target=\"_self\" href='https:\/\/vengabarcelona.com\/es\/activiteit\/fietstour-highlights-en-fc-barcelona\/' class=\"uc_more_btn\" title=\"\">Ver actividad<\/a>\n              \n                 \n      <\/div>\n    <\/div>\n     \n       \n  \n   <\/div>\n<div class=\"uc_post_list_box\">\n    \n  \t    <div class=\"uc_post_list_image\">\n      <a href=\"https:\/\/vengabarcelona.com\/es\/activiteit\/fietstour-barcelona-highlights-en-mooie-plekjes\/\" title=\"Recorrido en bicicleta por los lugares m\u00e1s destacados y pintorescos de Barcelona\" target=\"_self\">\n          \n            <img decoding=\"async\" src=\"https:\/\/vengabarcelona.com\/wp-content\/uploads\/2024\/02\/HIGHLIGHTS-TOUR.png\"  alt=\"HIGHLIGHTS TOUR\" width=\"940\" height=\"788\">\n        \t\n        \n      <\/a>\n    <\/div>\n  \t\t\n  \n    <div class=\"uc_post_list_content\">\n      <div class=\"uc_post_list_content_inside\">\n        \n                        \n         <div class=\"uc_post_list_title\"><a target=\"_self\" href=\"https:\/\/vengabarcelona.com\/es\/activiteit\/fietstour-barcelona-highlights-en-mooie-plekjes\/\" title=\"Recorrido en bicicleta por los lugares m\u00e1s destacados y pintorescos de Barcelona\">Recorrido en bicicleta por los lugares m\u00e1s destacados y pintorescos de Barcelona<\/a><\/div>\t\n         \n        <div class=\"ue-meta-data\">\n                                               \n            \n          \n                        \n            \n                        \n                        \n            \n              \n          <\/div>         \n                \n                 \n                 \t        \n           <a target=\"_self\" href='https:\/\/vengabarcelona.com\/es\/activiteit\/fietstour-barcelona-highlights-en-mooie-plekjes\/' class=\"uc_more_btn\" title=\"\">Ver actividad<\/a>\n              \n                 \n      <\/div>\n    <\/div>\n     \n       \n  \n   <\/div>\n<div class=\"uc_post_list_box\">\n    \n  \t    <div class=\"uc_post_list_image\">\n      <a href=\"https:\/\/vengabarcelona.com\/es\/activiteit\/locals-fietstour-barcelona\/\" title=\"Recorrido en bicicleta por Barcelona\" target=\"_self\">\n          \n            <img loading=\"lazy\" decoding=\"async\" src=\"https:\/\/vengabarcelona.com\/wp-content\/uploads\/2025\/03\/5.png\"  alt=\"5\" width=\"1000\" height=\"700\">\n        \t\n        \n      <\/a>\n    <\/div>\n  \t\t\n  \n    <div class=\"uc_post_list_content\">\n      <div class=\"uc_post_list_content_inside\">\n        \n                        \n         <div class=\"uc_post_list_title\"><a target=\"_self\" href=\"https:\/\/vengabarcelona.com\/es\/activiteit\/locals-fietstour-barcelona\/\" title=\"Recorrido en bicicleta por Barcelona\">Recorrido en bicicleta por Barcelona<\/a><\/div>\t\n         \n        <div class=\"ue-meta-data\">\n                                               \n            \n          \n                        \n            \n                        \n                        \n            \n              \n          <\/div>         \n                \n                 \n                 \t        \n           <a target=\"_self\" href='https:\/\/vengabarcelona.com\/es\/activiteit\/locals-fietstour-barcelona\/' class=\"uc_more_btn\" title=\"\">Ver actividad<\/a>\n              \n                 \n      <\/div>\n    <\/div>\n     \n       \n  \n   <\/div>\n<div class=\"uc_post_list_box\">\n    \n  \t    <div class=\"uc_post_list_image\">\n      <a href=\"https:\/\/vengabarcelona.com\/es\/activiteit\/fietstour-barca\/\" title=\"Tour en bicicleta Bar\u00e7a\" target=\"_self\">\n          \n            <img loading=\"lazy\" decoding=\"async\" src=\"https:\/\/vengabarcelona.com\/wp-content\/uploads\/2024\/09\/5-5.png\"  alt=\"5 (5)\" width=\"800\" height=\"800\">\n        \t\n        \n      <\/a>\n    <\/div>\n  \t\t\n  \n    <div class=\"uc_post_list_content\">\n      <div class=\"uc_post_list_content_inside\">\n        \n                        \n         <div class=\"uc_post_list_title\"><a target=\"_self\" href=\"https:\/\/vengabarcelona.com\/es\/activiteit\/fietstour-barca\/\" title=\"Tour en bicicleta Bar\u00e7a\">Tour en bicicleta Bar\u00e7a<\/a><\/div>\t\n         \n        <div class=\"ue-meta-data\">\n                                               \n            \n          \n                        \n            \n                        \n                        \n            \n              \n          <\/div>         \n                \n                 \n                 \t        \n           <a target=\"_self\" href='https:\/\/vengabarcelona.com\/es\/activiteit\/fietstour-barca\/' class=\"uc_more_btn\" title=\"\">Ver actividad<\/a>\n              \n                 \n      <\/div>\n    <\/div>\n     \n       \n  \n   <\/div>\n<div class=\"uc_post_list_box\">\n    \n  \t    <div class=\"uc_post_list_image\">\n      <a href=\"https:\/\/vengabarcelona.com\/es\/activiteit\/fietstour-barcelona-prive\/\" title=\"Bike tour Barcelona privado\" target=\"_self\">\n          \n            <img loading=\"lazy\" decoding=\"async\" src=\"https:\/\/vengabarcelona.com\/wp-content\/uploads\/2024\/02\/TOUR-PRIVEE.png\"  alt=\"TOUR PRIVEE\" width=\"940\" height=\"788\">\n        \t\n        \n      <\/a>\n    <\/div>\n  \t\t\n  \n    <div class=\"uc_post_list_content\">\n      <div class=\"uc_post_list_content_inside\">\n        \n                        \n         <div class=\"uc_post_list_title\"><a target=\"_self\" href=\"https:\/\/vengabarcelona.com\/es\/activiteit\/fietstour-barcelona-prive\/\" title=\"Bike tour Barcelona privado\">Bike tour Barcelona privado<\/a><\/div>\t\n         \n        <div class=\"ue-meta-data\">\n                                               \n            \n          \n                        \n            \n                        \n                        \n            \n              \n          <\/div>         \n                \n                 \n                 \t        \n           <a target=\"_self\" href='https:\/\/vengabarcelona.com\/es\/activiteit\/fietstour-barcelona-prive\/' class=\"uc_more_btn\" title=\"\">Ver actividad<\/a>\n              \n                 \n      <\/div>\n    <\/div>\n     \n       \n  \n   <\/div>\n<div class=\"uc_post_list_box\">\n    \n  \t    <div class=\"uc_post_list_image\">\n      <a href=\"https:\/\/vengabarcelona.com\/es\/activiteit\/fietstour-barcelona-met-grote-groep\/\" title=\"Bike tour Barcelona con grupo grande\" target=\"_self\">\n          \n            <img loading=\"lazy\" decoding=\"async\" src=\"https:\/\/vengabarcelona.com\/wp-content\/uploads\/2024\/02\/GROTE-GROEPEN.png\"  alt=\"GROTE GROEPEN\" width=\"940\" height=\"788\">\n        \t\n        \n      <\/a>\n    <\/div>\n  \t\t\n  \n    <div class=\"uc_post_list_content\">\n      <div class=\"uc_post_list_content_inside\">\n        \n                        \n         <div class=\"uc_post_list_title\"><a target=\"_self\" href=\"https:\/\/vengabarcelona.com\/es\/activiteit\/fietstour-barcelona-met-grote-groep\/\" title=\"Bike tour Barcelona con grupo grande\">Bike tour Barcelona con grupo grande<\/a><\/div>\t\n         \n        <div class=\"ue-meta-data\">\n                                               \n            \n          \n                        \n            \n                        \n                        \n            \n              \n          <\/div>         \n                \n                 \n                 \t        \n           <a target=\"_self\" href='https:\/\/vengabarcelona.com\/es\/activiteit\/fietstour-barcelona-met-grote-groep\/' class=\"uc_more_btn\" title=\"\">Ver actividad<\/a>\n              \n                 \n      <\/div>\n    <\/div>\n     \n       \n  \n   <\/div>\n<div class=\"uc_post_list_box\">\n    \n  \t    <div class=\"uc_post_list_image\">\n      <a href=\"https:\/\/vengabarcelona.com\/es\/activiteit\/fietstour-barcelona-tapas-en-hapjes\/\" title=\"Bike tour Barcelona tapas y aperitivos\" target=\"_self\">\n          \n            <img loading=\"lazy\" decoding=\"async\" src=\"https:\/\/vengabarcelona.com\/wp-content\/uploads\/2024\/02\/TAPAS.png\"  alt=\"TAPAS\" width=\"940\" height=\"788\">\n        \t\n        \n      <\/a>\n    <\/div>\n  \t\t\n  \n    <div class=\"uc_post_list_content\">\n      <div class=\"uc_post_list_content_inside\">\n        \n                        \n         <div class=\"uc_post_list_title\"><a target=\"_self\" href=\"https:\/\/vengabarcelona.com\/es\/activiteit\/fietstour-barcelona-tapas-en-hapjes\/\" title=\"Bike tour Barcelona tapas y aperitivos\">Bike tour Barcelona tapas y aperitivos<\/a><\/div>\t\n         \n        <div class=\"ue-meta-data\">\n                                               \n            \n          \n                        \n            \n                        \n                        \n            \n              \n          <\/div>         \n                \n                 \n                 \t        \n           <a target=\"_self\" href='https:\/\/vengabarcelona.com\/es\/activiteit\/fietstour-barcelona-tapas-en-hapjes\/' class=\"uc_more_btn\" title=\"\">Ver actividad<\/a>\n              \n                 \n      <\/div>\n    <\/div>\n     \n       \n  \n   <\/div>\n<div class=\"uc_post_list_box\">\n    \n  \t    <div class=\"uc_post_list_image\">\n      <a href=\"https:\/\/vengabarcelona.com\/es\/activiteit\/fietstour-barcelona-met-e-bike\/\" title=\"Bike tour Barcelona en E-bike\" target=\"_self\">\n          \n            <img loading=\"lazy\" decoding=\"async\" src=\"https:\/\/vengabarcelona.com\/wp-content\/uploads\/2024\/02\/E-BIKE.png\"  alt=\"E BIKE\" width=\"940\" height=\"788\">\n        \t\n        \n      <\/a>\n    <\/div>\n  \t\t\n  \n    <div class=\"uc_post_list_content\">\n      <div class=\"uc_post_list_content_inside\">\n        \n                        \n         <div class=\"uc_post_list_title\"><a target=\"_self\" href=\"https:\/\/vengabarcelona.com\/es\/activiteit\/fietstour-barcelona-met-e-bike\/\" title=\"Bike tour Barcelona en E-bike\">Bike tour Barcelona en E-bike<\/a><\/div>\t\n         \n        <div class=\"ue-meta-data\">\n                                               \n            \n          \n                        \n            \n                        \n                        \n            \n              \n          <\/div>         \n                \n                 \n                 \t        \n           <a target=\"_self\" href='https:\/\/vengabarcelona.com\/es\/activiteit\/fietstour-barcelona-met-e-bike\/' class=\"uc_more_btn\" title=\"\">Ver actividad<\/a>\n              \n                 \n      <\/div>\n    <\/div>\n     \n       \n  \n   <\/div>\n\n<\/div>\n\n\n  <div id=\"uc_post_list_elementor_0bf0ee1_empty_message\" class=\"ue-no-posts-found\"  style=\"display:none\" >No se ha encontrado ning\u00fan puesto<\/div>\n\n\n<!-- end Post List -->\t\t\t\t<\/div>\n\t\t\t\t<\/div>\n\t\t\t\t\t<\/div>\n\t\t<\/div>\n\t\t\t\t\t<\/div>\n\t\t<\/section>\n\t\t\t\t<\/div>","protected":false},"excerpt":{"rendered":"<p>Fietstours Barcelona Fietstour in Barcelona Nederlandse taal Ontdek het prachtige Barcelona op de fiets met een Nederlands sprekende gids! Maak leuke herinneringen met je reisgezelschap door met ons op pad te gaan. Jeroen en zijn team kennen alle mooie en bijzondere plekjes van de prachtige stad en fietsen door Barcelona samen met jou en je [&hellip;]<\/p>\n","protected":false},"author":2,"featured_media":14767,"parent":0,"menu_order":0,"comment_status":"closed","ping_status":"closed","template":"","meta":{"_acf_changed":false,"footnotes":""},"class_list":["post-9522","page","type-page","status-publish","has-post-thumbnail","hentry"],"acf":[],"_links":{"self":[{"href":"https:\/\/vengabarcelona.com\/es\/wp-json\/wp\/v2\/pages\/9522","targetHints":{"allow":["GET"]}}],"collection":[{"href":"https:\/\/vengabarcelona.com\/es\/wp-json\/wp\/v2\/pages"}],"about":[{"href":"https:\/\/vengabarcelona.com\/es\/wp-json\/wp\/v2\/types\/page"}],"author":[{"embeddable":true,"href":"https:\/\/vengabarcelona.com\/es\/wp-json\/wp\/v2\/users\/2"}],"replies":[{"embeddable":true,"href":"https:\/\/vengabarcelona.com\/es\/wp-json\/wp\/v2\/comments?post=9522"}],"version-history":[{"count":34,"href":"https:\/\/vengabarcelona.com\/es\/wp-json\/wp\/v2\/pages\/9522\/revisions"}],"predecessor-version":[{"id":18694,"href":"https:\/\/vengabarcelona.com\/es\/wp-json\/wp\/v2\/pages\/9522\/revisions\/18694"}],"wp:featuredmedia":[{"embeddable":true,"href":"https:\/\/vengabarcelona.com\/es\/wp-json\/wp\/v2\/media\/14767"}],"wp:attachment":[{"href":"https:\/\/vengabarcelona.com\/es\/wp-json\/wp\/v2\/media?parent=9522"}],"curies":[{"name":"wp","href":"https:\/\/api.w.org\/{rel}","templated":true}]}}